{"id":96,"date":"2014-11-22T16:19:19","date_gmt":"2014-11-22T15:19:19","guid":{"rendered":"http:\/\/wp.landgasthof-kaiser.de\/?page_id=96"},"modified":"2015-08-04T05:04:11","modified_gmt":"2015-08-04T04:04:11","slug":"region","status":"publish","type":"page","link":"https:\/\/landgasthof-kaiser.de\/?page_id=96","title":{"rendered":"Region"},"content":{"rendered":"<p><strong>Idealer Ausgangspunkt f\u00fcr spannende Entdeckungstouren<\/strong><\/p>\n<p>Der Landgasthof Kaiser im Vorgarten des nahen Sauerlandes ist eingebettet in einem Landstrich, um den einst Grafen, F\u00fcrstbisch\u00f6fe und Edelherren wie um ein Juwel stritten. Umgeben von Naturparks und Hochw\u00e4ldern ist der Quellenort der ideale Ausgangspunkt f\u00fcr spannende Entdeckungstouren. Nur wenige Autominuten entfernt warten die 1200-j\u00e4hrige Dom- und Bischofsstadt Paderborn, das nahe Sauerland (Wintersport) oder Nordhessen oder das Waldecksche Land auf Ihren Besuch. Residenzschl\u00f6sser in Neuhaus und in Arolsen, Norddeutschlands m\u00e4chtigste Dreiecksburg in Wewelsburg, die Kl\u00f6ster Dalheim oder Corvey, das Di\u00f6zesanmuseum und das weltweit gr\u00f6\u00dfte Computermuseum in Paderborn: Kultur, Geschichte, Traditionen und Hochtechnologien sorgen auf wenigen Quadratkilometern f\u00fcr Spannung pur.<\/p>\n<p>Ob Kletterpark, Barfu\u00dfpfad, Wildgehege, Hochw\u00e4lder mit sprudelnden Quellen als Wanderparadies, Aabach-Talsperre als Oase f\u00fcr Skater und Jogger, Wasserski, Golfen, Radwandern, Besucherstollen im alten Bergwerk, Spa\u00dfb\u00e4der, Weltcup-Skispringen, Bade-Thermen, Reha- und Kurkliniken oder deutsches Traktorenmuseum: Schier unendliche viele Abenteuer sind zu bestehen. Der Tag m\u00fcsste mindestens 30 Stunden haben. Eines k\u00f6nnen wir nicht bieten: Langeweile.<\/p>\n<p>Der Landgasthof Kaiser liegt sechs Autominuten vom Autobahnkreuz Bad W\u00fcnnenberg-Haaren (A 33\/A 44) oder 15 Minuten vom Flughafen Paderborn-Lippstadt entfernt. Per Intercity erreichen Sie uns vom Paderborner Hauptbahnhof in 25 Autominuten. Sie sehen: Es ist nur ein Katzensprung zu einem Aufenthalt, Cluburlaub oder Ferientag an des Kaisers Tafel. Und abends sollten Sie in geselliger Runde den Wirt nach der alten M\u00e4r von einem r\u00e4tselhaften Klostersturm zur Befreiung geplagter Jungfrauen fragen. Er wird von Ritter Turk und seinen tapferen Mannen oder seltsamen Maik\u00e4fern berichten.<\/p>\n","protected":false},"excerpt":{"rendered":"<p>Idealer Ausgangspunkt f\u00fcr spannende Entdeckungstouren Der Landgasthof Kaiser im Vorgarten des nahen Sauerlandes ist eingebettet in einem Landstrich, um den einst Grafen, F\u00fcrstbisch\u00f6fe und Edelherren wie um ein Juwel stritten. Umgeben von Naturparks und Hochw\u00e4ldern ist der Quellenort der ideale Ausgangspunkt f\u00fcr spannende Entdeckungstouren. Nur wenige Autominuten entfernt warten die 1200-j\u00e4hrige Dom- und Bischofsstadt Paderborn, [&hellip;]<\/p>\n","protected":false},"author":2,"featured_media":0,"parent":0,"menu_order":0,"comment_status":"closed","ping_status":"closed","template":"","meta":{"jetpack_post_was_ever_published":false,"footnotes":""},"class_list":["post-96","page","type-page","status-publish","hentry"],"jetpack_sharing_enabled":true,"jetpack_shortlink":"https:\/\/wp.me\/P5mXGz-1y","_links":{"self":[{"href":"https:\/\/landgasthof-kaiser.de\/index.php?rest_route=\/wp\/v2\/pages\/96","targetHints":{"allow":["GET"]}}],"collection":[{"href":"https:\/\/landgasthof-kaiser.de\/index.php?rest_route=\/wp\/v2\/pages"}],"about":[{"href":"https:\/\/landgasthof-kaiser.de\/index.php?rest_route=\/wp\/v2\/types\/page"}],"author":[{"embeddable":true,"href":"https:\/\/landgasthof-kaiser.de\/index.php?rest_route=\/wp\/v2\/users\/2"}],"replies":[{"embeddable":true,"href":"https:\/\/landgasthof-kaiser.de\/index.php?rest_route=%2Fwp%2Fv2%2Fcomments&post=96"}],"version-history":[{"count":3,"href":"https:\/\/landgasthof-kaiser.de\/index.php?rest_route=\/wp\/v2\/pages\/96\/revisions"}],"predecessor-version":[{"id":544,"href":"https:\/\/landgasthof-kaiser.de\/index.php?rest_route=\/wp\/v2\/pages\/96\/revisions\/544"}],"wp:attachment":[{"href":"https:\/\/landgasthof-kaiser.de\/index.php?rest_route=%2Fwp%2Fv2%2Fmedia&parent=96"}],"curies":[{"name":"wp","href":"https:\/\/api.w.org\/{rel}","templated":true}]}}