{"id":552,"date":"2015-08-04T05:19:55","date_gmt":"2015-08-04T04:19:55","guid":{"rendered":"http:\/\/landgasthof-kaiser.de\/?page_id=552"},"modified":"2015-08-04T05:29:44","modified_gmt":"2015-08-04T04:29:44","slug":"wanderwochenende-2","status":"publish","type":"page","link":"https:\/\/landgasthof-kaiser.de\/?page_id=552","title":{"rendered":"Wanderwochenende"},"content":{"rendered":"<div class=\"art-postcontent\">\n<div class=\"art-article\">\n<p>1. Tag: Zum Willkommen ein Begr\u00fc\u00dfungstrunk, Entdeckungstour von sechs \u201eEisernen B\u00fcchern\u201c zwischen mittelalterlichem Glockenturm und Pfarrgarten, abends Drei-Gang-Men\u00fc nach Art der Westfalen.<\/p>\n<p>2. Tag: Fr\u00fchst\u00fccksb\u00fcfett\u00a0 an Kaisers Tafel, Entdeckungstour auf Schusters Rappen.<a href=\"http:\/\/landgasthof-kaiser.de\/wp-content\/uploads\/2015\/08\/buch-pestfriedhof.jpg\"><img loading=\"lazy\" decoding=\"async\" data-attachment-id=\"556\" data-permalink=\"https:\/\/landgasthof-kaiser.de\/?attachment_id=556\" data-orig-file=\"https:\/\/landgasthof-kaiser.de\/wp-content\/uploads\/2015\/08\/buch-pestfriedhof.jpg\" data-orig-size=\"834,417\" data-comments-opened=\"0\" data-image-meta=\"{&quot;aperture&quot;:&quot;0&quot;,&quot;credit&quot;:&quot;&quot;,&quot;camera&quot;:&quot;&quot;,&quot;caption&quot;:&quot;&quot;,&quot;created_timestamp&quot;:&quot;0&quot;,&quot;copyright&quot;:&quot;&quot;,&quot;focal_length&quot;:&quot;0&quot;,&quot;iso&quot;:&quot;0&quot;,&quot;shutter_speed&quot;:&quot;0&quot;,&quot;title&quot;:&quot;&quot;,&quot;orientation&quot;:&quot;0&quot;}\" data-image-title=\"buch-pestfriedhof\" data-image-description=\"\" data-image-caption=\"\" data-medium-file=\"https:\/\/landgasthof-kaiser.de\/wp-content\/uploads\/2015\/08\/buch-pestfriedhof-600x300.jpg\" data-large-file=\"https:\/\/landgasthof-kaiser.de\/wp-content\/uploads\/2015\/08\/buch-pestfriedhof.jpg\" class=\"alignright  wp-image-556\" src=\"http:\/\/landgasthof-kaiser.de\/wp-content\/uploads\/2015\/08\/buch-pestfriedhof-600x300.jpg\" alt=\"buch-pestfriedhof\" width=\"338\" height=\"169\" srcset=\"https:\/\/landgasthof-kaiser.de\/wp-content\/uploads\/2015\/08\/buch-pestfriedhof-600x300.jpg 600w, https:\/\/landgasthof-kaiser.de\/wp-content\/uploads\/2015\/08\/buch-pestfriedhof.jpg 834w\" sizes=\"auto, (max-width: 338px) 100vw, 338px\" \/><\/a><br \/>\nEntdecken Sie den Leiberger Wald mit Pestfriedhof und H\u00fcgelgr\u00e4ber, oder wandern Sie nach Bad W\u00fcnnenberg zum Barfu\u00dfpfad im Kurpark des Aatals.<br \/>\nUnterwegs deftiges Mittagsessen \u201eWestfalengru\u00df\u201c, abends westf\u00e4lische Spezialit\u00e4ten mit Bier aus der gr\u00e4flichen Brauerei und fr\u00f6hliche Runde in uriger Atmosph\u00e4re im Landgasthof.<\/p>\n<p>3. Tag: Ausschlafen, Fr\u00fchst\u00fccksb\u00fcfett,<br \/>\nFr\u00fchschoppen im Biergarten, Wintergarten oder Kegeln.<br \/>\nAbschied nehmen und Pl\u00e4ne schmieden f\u00fcr ein Wiedersehen.<\/p>\n<p>Leistungen:<br \/>\n2 \u00dcbernachtungen mit Vollpension<br \/>\nBegr\u00fc\u00dfungstrunk,<br \/>\nKegelbahn<\/p>\n<p>Preise auf Anfrage.<\/p>\n<\/div>\n<\/div>\n","protected":false},"excerpt":{"rendered":"<p>1. Tag: Zum Willkommen ein Begr\u00fc\u00dfungstrunk, Entdeckungstour von sechs \u201eEisernen B\u00fcchern\u201c zwischen mittelalterlichem Glockenturm und Pfarrgarten, abends Drei-Gang-Men\u00fc nach Art der Westfalen. 2. Tag: Fr\u00fchst\u00fccksb\u00fcfett\u00a0 an Kaisers Tafel, Entdeckungstour auf Schusters Rappen. Entdecken Sie den Leiberger Wald mit Pestfriedhof und H\u00fcgelgr\u00e4ber, oder wandern Sie nach Bad W\u00fcnnenberg zum Barfu\u00dfpfad im Kurpark des Aatals. Unterwegs deftiges [&hellip;]<\/p>\n","protected":false},"author":1,"featured_media":0,"parent":0,"menu_order":0,"comment_status":"closed","ping_status":"closed","template":"","meta":{"jetpack_post_was_ever_published":false,"footnotes":""},"class_list":["post-552","page","type-page","status-publish","hentry"],"jetpack_sharing_enabled":true,"jetpack_shortlink":"https:\/\/wp.me\/P5mXGz-8U","_links":{"self":[{"href":"https:\/\/landgasthof-kaiser.de\/index.php?rest_route=\/wp\/v2\/pages\/552","targetHints":{"allow":["GET"]}}],"collection":[{"href":"https:\/\/landgasthof-kaiser.de\/index.php?rest_route=\/wp\/v2\/pages"}],"about":[{"href":"https:\/\/landgasthof-kaiser.de\/index.php?rest_route=\/wp\/v2\/types\/page"}],"author":[{"embeddable":true,"href":"https:\/\/landgasthof-kaiser.de\/index.php?rest_route=\/wp\/v2\/users\/1"}],"replies":[{"embeddable":true,"href":"https:\/\/landgasthof-kaiser.de\/index.php?rest_route=%2Fwp%2Fv2%2Fcomments&post=552"}],"version-history":[{"count":2,"href":"https:\/\/landgasthof-kaiser.de\/index.php?rest_route=\/wp\/v2\/pages\/552\/revisions"}],"predecessor-version":[{"id":557,"href":"https:\/\/landgasthof-kaiser.de\/index.php?rest_route=\/wp\/v2\/pages\/552\/revisions\/557"}],"wp:attachment":[{"href":"https:\/\/landgasthof-kaiser.de\/index.php?rest_route=%2Fwp%2Fv2%2Fmedia&parent=552"}],"curies":[{"name":"wp","href":"https:\/\/api.w.org\/{rel}","templated":true}]}}