{"id":45,"date":"2014-11-20T19:46:42","date_gmt":"2014-11-20T18:46:42","guid":{"rendered":"http:\/\/wp.landgasthof-kaiser.de\/?page_id=45"},"modified":"2015-11-30T18:10:13","modified_gmt":"2015-11-30T17:10:13","slug":"feiern","status":"publish","type":"page","link":"https:\/\/landgasthof-kaiser.de\/?page_id=45","title":{"rendered":"Feiern"},"content":{"rendered":"<p><strong>\u201eWir k\u00fcmmern uns um Ihr Wohlergehen\u201c<\/strong><\/p>\n<p>Unser gro\u00dfer Festsaal im Landgasthof Kaiser bietet ein sch\u00f6nes Ambiente f\u00fcr jede Familienfeier, von der Hochzeit \u00fcber den runden Geburtstag oder die Erstkommunion und Konfirmation bis zum Firmenempfang. Der Festsaal in unterschiedlichen Raumvariationen schafft den geeigneten Rahmen f\u00fcr Gesellschaften von 10 bis 190 G\u00e4sten.<\/p>\n<p>Sie laden Ihre G\u00e4ste ein, wir k\u00fcmmern uns um ihr Wohlergehen. Eine gem\u00fctliche Theke ist ein beliebter Treffpunkt f\u00fcr gute Gespr\u00e4che. Von der Tischdekoration bis zum B\u00fcfett in allen Variationen: Nur Feiern m\u00fcssen Sie selbst.<\/p>\n<p><a href=\"http:\/\/wp.landgasthof-kaiser.de\/wp-content\/uploads\/2014\/11\/saal.jpg\"><img loading=\"lazy\" decoding=\"async\" data-attachment-id=\"272\" data-permalink=\"https:\/\/landgasthof-kaiser.de\/?attachment_id=272\" data-orig-file=\"https:\/\/landgasthof-kaiser.de\/wp-content\/uploads\/2014\/11\/saal.jpg\" data-orig-size=\"1800,1200\" data-comments-opened=\"0\" data-image-meta=\"{&quot;aperture&quot;:&quot;0&quot;,&quot;credit&quot;:&quot;&quot;,&quot;camera&quot;:&quot;&quot;,&quot;caption&quot;:&quot;&quot;,&quot;created_timestamp&quot;:&quot;0&quot;,&quot;copyright&quot;:&quot;&quot;,&quot;focal_length&quot;:&quot;0&quot;,&quot;iso&quot;:&quot;0&quot;,&quot;shutter_speed&quot;:&quot;0&quot;,&quot;title&quot;:&quot;&quot;,&quot;orientation&quot;:&quot;0&quot;}\" data-image-title=\"Saal_Theke\" data-image-description=\"\" data-image-caption=\"\" data-medium-file=\"https:\/\/landgasthof-kaiser.de\/wp-content\/uploads\/2014\/11\/saal-600x400.jpg\" data-large-file=\"https:\/\/landgasthof-kaiser.de\/wp-content\/uploads\/2014\/11\/saal-1024x682.jpg\" class=\"alignleft wp-image-272\" src=\"http:\/\/wp.landgasthof-kaiser.de\/wp-content\/uploads\/2014\/11\/saal-1024x682.jpg\" alt=\"saal\" width=\"346\" height=\"230\" srcset=\"https:\/\/landgasthof-kaiser.de\/wp-content\/uploads\/2014\/11\/saal-1024x682.jpg 1024w, https:\/\/landgasthof-kaiser.de\/wp-content\/uploads\/2014\/11\/saal-600x400.jpg 600w, https:\/\/landgasthof-kaiser.de\/wp-content\/uploads\/2014\/11\/saal.jpg 1800w\" sizes=\"auto, (max-width: 346px) 100vw, 346px\" \/><\/a><\/p>\n<p><a href=\"http:\/\/wp.landgasthof-kaiser.de\/wp-content\/uploads\/2014\/11\/IMG_6528.jpg\"><img loading=\"lazy\" decoding=\"async\" data-attachment-id=\"104\" data-permalink=\"https:\/\/landgasthof-kaiser.de\/?attachment_id=104\" data-orig-file=\"https:\/\/landgasthof-kaiser.de\/wp-content\/uploads\/2014\/11\/IMG_6528.jpg\" data-orig-size=\"4272,2848\" data-comments-opened=\"0\" data-image-meta=\"{&quot;aperture&quot;:&quot;6.3&quot;,&quot;credit&quot;:&quot;&quot;,&quot;camera&quot;:&quot;Canon EOS 1100D&quot;,&quot;caption&quot;:&quot;&quot;,&quot;created_timestamp&quot;:&quot;1408814759&quot;,&quot;copyright&quot;:&quot;&quot;,&quot;focal_length&quot;:&quot;27&quot;,&quot;iso&quot;:&quot;800&quot;,&quot;shutter_speed&quot;:&quot;0.04&quot;,&quot;title&quot;:&quot;&quot;,&quot;orientation&quot;:&quot;1&quot;}\" data-image-title=\"Saal Tische rund\" data-image-description=\"\" data-image-caption=\"\" data-medium-file=\"https:\/\/landgasthof-kaiser.de\/wp-content\/uploads\/2014\/11\/IMG_6528-600x400.jpg\" data-large-file=\"https:\/\/landgasthof-kaiser.de\/wp-content\/uploads\/2014\/11\/IMG_6528-1024x682.jpg\" class=\"alignright wp-image-104\" src=\"http:\/\/wp.landgasthof-kaiser.de\/wp-content\/uploads\/2014\/11\/IMG_6528-1024x682.jpg\" alt=\"Saal_tische1\" width=\"345\" height=\"230\" srcset=\"https:\/\/landgasthof-kaiser.de\/wp-content\/uploads\/2014\/11\/IMG_6528-1024x682.jpg 1024w, https:\/\/landgasthof-kaiser.de\/wp-content\/uploads\/2014\/11\/IMG_6528-600x400.jpg 600w\" sizes=\"auto, (max-width: 345px) 100vw, 345px\" \/><\/a><\/p>\n","protected":false},"excerpt":{"rendered":"<p>\u201eWir k\u00fcmmern uns um Ihr Wohlergehen\u201c Unser gro\u00dfer Festsaal im Landgasthof Kaiser bietet ein sch\u00f6nes Ambiente f\u00fcr jede Familienfeier, von der Hochzeit \u00fcber den runden Geburtstag oder die Erstkommunion und Konfirmation bis zum Firmenempfang. Der Festsaal in unterschiedlichen Raumvariationen schafft den geeigneten Rahmen f\u00fcr Gesellschaften von 10 bis 190 G\u00e4sten. Sie laden Ihre G\u00e4ste ein, [&hellip;]<\/p>\n","protected":false},"author":1,"featured_media":0,"parent":0,"menu_order":0,"comment_status":"closed","ping_status":"closed","template":"","meta":{"jetpack_post_was_ever_published":false,"footnotes":""},"class_list":["post-45","page","type-page","status-publish","hentry"],"jetpack_sharing_enabled":true,"jetpack_shortlink":"https:\/\/wp.me\/P5mXGz-J","_links":{"self":[{"href":"https:\/\/landgasthof-kaiser.de\/index.php?rest_route=\/wp\/v2\/pages\/45","targetHints":{"allow":["GET"]}}],"collection":[{"href":"https:\/\/landgasthof-kaiser.de\/index.php?rest_route=\/wp\/v2\/pages"}],"about":[{"href":"https:\/\/landgasthof-kaiser.de\/index.php?rest_route=\/wp\/v2\/types\/page"}],"author":[{"embeddable":true,"href":"https:\/\/landgasthof-kaiser.de\/index.php?rest_route=\/wp\/v2\/users\/1"}],"replies":[{"embeddable":true,"href":"https:\/\/landgasthof-kaiser.de\/index.php?rest_route=%2Fwp%2Fv2%2Fcomments&post=45"}],"version-history":[{"count":11,"href":"https:\/\/landgasthof-kaiser.de\/index.php?rest_route=\/wp\/v2\/pages\/45\/revisions"}],"predecessor-version":[{"id":637,"href":"https:\/\/landgasthof-kaiser.de\/index.php?rest_route=\/wp\/v2\/pages\/45\/revisions\/637"}],"wp:attachment":[{"href":"https:\/\/landgasthof-kaiser.de\/index.php?rest_route=%2Fwp%2Fv2%2Fmedia&parent=45"}],"curies":[{"name":"wp","href":"https:\/\/api.w.org\/{rel}","templated":true}]}}