{"id":41,"date":"2014-11-20T19:45:24","date_gmt":"2014-11-20T18:45:24","guid":{"rendered":"http:\/\/wp.landgasthof-kaiser.de\/?page_id=41"},"modified":"2021-12-21T15:05:55","modified_gmt":"2021-12-21T14:05:55","slug":"restaurant","status":"publish","type":"page","link":"https:\/\/landgasthof-kaiser.de\/?page_id=41","title":{"rendered":"Gastst\u00e4tte"},"content":{"rendered":"<p><strong>Westfalen deckt beim Kaiser den Tisch<\/strong><br \/>\n\u201eGut Essen und Trinken halten Leib und Seele zusammen\u201c: Mit dieser westf\u00e4lischen Volksweisheit verw\u00f6hnt der Landgasthof Kaiser gern mit einer regional gepr\u00e4gten Speisekarte seine G\u00e4ste. So deckt h\u00e4ufig der Vorgarten des nahen Sauerlandes den Tisch im Traditionsgasthaus. Gastwirt Josef Kaiser, selbst ein gelernter Fleischermeister, kennt pers\u00f6nlich die Bauernh\u00f6fe aus dem Paderborner Land, die den Familienbetrieb im idyllisch gelegenen Dorf nahe des Aabach-Sees bei Bad W\u00fcnnenberg mit Qualit\u00e4tsfleisch beliefern. Die Speisekarte bietet dem Gast eine reichhaltige Auswahl an K\u00f6stlichkeiten aus der Heimat: Die Kaiser-K\u00fcche ist ein unverkennbarer Gru\u00df an Westfalen. Leckere Wildgerichte lassen die Nachbarschaft zu den gr\u00f6\u00dften Hochw\u00e4ldern zwischen Rhein und Weser erkennen.<\/p>\n<p><img loading=\"lazy\" decoding=\"async\" data-attachment-id=\"364\" data-permalink=\"https:\/\/landgasthof-kaiser.de\/?attachment_id=364\" data-orig-file=\"https:\/\/landgasthof-kaiser.de\/wp-content\/uploads\/2014\/11\/dischdeko.jpg\" data-orig-size=\"1024,683\" data-comments-opened=\"0\" data-image-meta=\"{&quot;aperture&quot;:&quot;0&quot;,&quot;credit&quot;:&quot;&quot;,&quot;camera&quot;:&quot;&quot;,&quot;caption&quot;:&quot;&quot;,&quot;created_timestamp&quot;:&quot;0&quot;,&quot;copyright&quot;:&quot;&quot;,&quot;focal_length&quot;:&quot;0&quot;,&quot;iso&quot;:&quot;0&quot;,&quot;shutter_speed&quot;:&quot;0&quot;,&quot;title&quot;:&quot;&quot;,&quot;orientation&quot;:&quot;0&quot;}\" data-image-title=\"Restaurant\" data-image-description=\"\" data-image-caption=\"\" data-medium-file=\"https:\/\/landgasthof-kaiser.de\/wp-content\/uploads\/2014\/11\/dischdeko-600x400.jpg\" data-large-file=\"https:\/\/landgasthof-kaiser.de\/wp-content\/uploads\/2014\/11\/dischdeko.jpg\" class=\"alignleft  wp-image-364\" src=\"http:\/\/wp.landgasthof-kaiser.de\/wp-content\/uploads\/2014\/11\/dischdeko-600x400.jpg\" alt=\"Restaurant\" width=\"338\" height=\"225\" srcset=\"https:\/\/landgasthof-kaiser.de\/wp-content\/uploads\/2014\/11\/dischdeko-600x400.jpg 600w, https:\/\/landgasthof-kaiser.de\/wp-content\/uploads\/2014\/11\/dischdeko.jpg 1024w\" sizes=\"auto, (max-width: 338px) 100vw, 338px\" \/>Auf Wunsch des Gastes bereitet die Chefk\u00f6chin auch internationale Gerichte in der K\u00fcche des Landgasthofes. Gaumenfreunde genie\u00dfen warme und kalte B\u00fcfetts bei gro\u00dfen und kleinen Feiern aller Art im Festsaal.<\/p>\n<p>Im Biergarten genie\u00dfen G\u00e4ste k\u00fchle Getr\u00e4nke oder probieren im Wintergarten selbstgebackenen Kuchen. Und abends in der gem\u00fctlichen Gaststube ein frisch gezapftes Bier aus einer gr\u00e4flichen Brauerei oder ein Schoppen Wein: Einfach mal die Seele baumeln lassen.<\/p>\n","protected":false},"excerpt":{"rendered":"<p>Westfalen deckt beim Kaiser den Tisch \u201eGut Essen und Trinken halten Leib und Seele zusammen\u201c: Mit dieser westf\u00e4lischen Volksweisheit verw\u00f6hnt der Landgasthof Kaiser gern mit einer regional gepr\u00e4gten Speisekarte seine G\u00e4ste. So deckt h\u00e4ufig der Vorgarten des nahen Sauerlandes den Tisch im Traditionsgasthaus. Gastwirt Josef Kaiser, selbst ein gelernter Fleischermeister, kennt pers\u00f6nlich die Bauernh\u00f6fe aus [&hellip;]<\/p>\n","protected":false},"author":1,"featured_media":0,"parent":0,"menu_order":0,"comment_status":"closed","ping_status":"closed","template":"","meta":{"jetpack_post_was_ever_published":false,"footnotes":""},"class_list":["post-41","page","type-page","status-publish","hentry"],"jetpack_sharing_enabled":true,"jetpack_shortlink":"https:\/\/wp.me\/P5mXGz-F","_links":{"self":[{"href":"https:\/\/landgasthof-kaiser.de\/index.php?rest_route=\/wp\/v2\/pages\/41","targetHints":{"allow":["GET"]}}],"collection":[{"href":"https:\/\/landgasthof-kaiser.de\/index.php?rest_route=\/wp\/v2\/pages"}],"about":[{"href":"https:\/\/landgasthof-kaiser.de\/index.php?rest_route=\/wp\/v2\/types\/page"}],"author":[{"embeddable":true,"href":"https:\/\/landgasthof-kaiser.de\/index.php?rest_route=\/wp\/v2\/users\/1"}],"replies":[{"embeddable":true,"href":"https:\/\/landgasthof-kaiser.de\/index.php?rest_route=%2Fwp%2Fv2%2Fcomments&post=41"}],"version-history":[{"count":8,"href":"https:\/\/landgasthof-kaiser.de\/index.php?rest_route=\/wp\/v2\/pages\/41\/revisions"}],"predecessor-version":[{"id":1563,"href":"https:\/\/landgasthof-kaiser.de\/index.php?rest_route=\/wp\/v2\/pages\/41\/revisions\/1563"}],"wp:attachment":[{"href":"https:\/\/landgasthof-kaiser.de\/index.php?rest_route=%2Fwp%2Fv2%2Fmedia&parent=41"}],"curies":[{"name":"wp","href":"https:\/\/api.w.org\/{rel}","templated":true}]}}