{"id":39,"date":"2014-11-20T19:44:11","date_gmt":"2014-11-20T18:44:11","guid":{"rendered":"http:\/\/wp.landgasthof-kaiser.de\/?page_id=39"},"modified":"2025-12-23T19:11:42","modified_gmt":"2025-12-23T18:11:42","slug":"uebernachtung","status":"publish","type":"page","link":"https:\/\/landgasthof-kaiser.de\/?page_id=39","title":{"rendered":"\u00dcbernachtung"},"content":{"rendered":"<p><strong>Zimmerpreise:<br \/>\n<\/strong><br \/>\nEinzelzimmer:\u00a0 \u00a0 \u00a0ab 76,00\u20ac \u00dc\/F<br \/>\nDoppelzimmer:\u00a0 \u00a0ab 116,00\u20ac \u00dc\/F<br \/>\nDreibettzimmer: \u00a0ab 152,00\u20ac \u00dc\/F<br \/>\n<em>(Alle Preise inkl. gesetzlicher MwSt.)<\/em><\/p>\n<p>Unsere modern eingerichteten G\u00e4stezimmer sind mit Dusche, WC, Telefon und Flatscreenfernseher ausgestattet. Ein kostenloser Internetzugang per WLAN besteht bei uns im gesamten Geb\u00e4ude. Au\u00dferdem k\u00f6nnen Sie sich im Restaurantbereich eine Mahlzeit g\u00f6nnen.<\/p>\n\r\n\t<div class=\"slideshow_container slideshow_container_style-light\" style=\"height: 400px; \" data-slideshow-id=\"592\" data-style-name=\"style-light\" data-style-version=\"2.3.1\" >\r\n\r\n\t\t\t\t\t<div class=\"slideshow_loading_icon\"><\/div>\r\n\t\t\r\n\t\t<div class=\"slideshow_content\" style=\"display: none;\">\r\n\r\n\t\t\t<div class=\"slideshow_view\">\r\n\t\t\t\t<div class=\"slideshow_slide slideshow_slide_image\">\r\n\t\t\t\t\t\t\t\t\t\t\t<img src=\"https:\/\/landgasthof-kaiser.de\/wp-content\/uploads\/2015\/08\/Zimmer_komfort_11.jpg\" alt=\"Zimmer_komfort_11\" width=\"1280\" height=\"893\" \/>\r\n\t\t\t\t\t\t\t\t\t\t<div class=\"slideshow_description_box slideshow_transparent\">\r\n\t\t\t\t\t\t<div class=\"slideshow_title\">Zimmer_komfort_11<\/div>\t\t\t\t\t\t\t\t\t\t\t<\/div>\r\n\t\t\t\t<\/div>\r\n\r\n\t\t\t\t\t\t<div style=\"clear: both;\"><\/div><\/div><div class=\"slideshow_view\">\r\n\t\t\t\t<div class=\"slideshow_slide slideshow_slide_image\">\r\n\t\t\t\t\t\t\t\t\t\t\t<img src=\"https:\/\/landgasthof-kaiser.de\/wp-content\/uploads\/2015\/08\/Zimmer_komfort_5.jpg\" alt=\"Zimmer_komfort_5\" width=\"1280\" height=\"853\" \/>\r\n\t\t\t\t\t\t\t\t\t\t<div class=\"slideshow_description_box slideshow_transparent\">\r\n\t\t\t\t\t\t<div class=\"slideshow_title\">Zimmer_komfort_5<\/div>\t\t\t\t\t\t\t\t\t\t\t<\/div>\r\n\t\t\t\t<\/div>\r\n\r\n\t\t\t\t\t\t<div style=\"clear: both;\"><\/div><\/div><div class=\"slideshow_view\">\r\n\t\t\t\t<div class=\"slideshow_slide slideshow_slide_image\">\r\n\t\t\t\t\t\t\t\t\t\t\t<img src=\"https:\/\/landgasthof-kaiser.de\/wp-content\/uploads\/2015\/08\/Zimmer_komfort_1.jpg\" alt=\"Zimmer_komfort_1\" width=\"1280\" height=\"853\" \/>\r\n\t\t\t\t\t\t\t\t\t\t<div class=\"slideshow_description_box slideshow_transparent\">\r\n\t\t\t\t\t\t<div class=\"slideshow_title\">Zimmer_komfort_1<\/div>\t\t\t\t\t\t\t\t\t\t\t<\/div>\r\n\t\t\t\t<\/div>\r\n\r\n\t\t\t\t\t\t<div style=\"clear: both;\"><\/div><\/div><div class=\"slideshow_view\">\r\n\t\t\t\t<div class=\"slideshow_slide slideshow_slide_image\">\r\n\t\t\t\t\t\t\t\t\t\t\t<img src=\"https:\/\/landgasthof-kaiser.de\/wp-content\/uploads\/2015\/08\/Zimmer_komfort_6.jpg\" alt=\"Zimmer_komfort_6\" width=\"1280\" height=\"853\" \/>\r\n\t\t\t\t\t\t\t\t\t\t<div class=\"slideshow_description_box slideshow_transparent\">\r\n\t\t\t\t\t\t<div class=\"slideshow_title\">Zimmer_komfort_6<\/div>\t\t\t\t\t\t\t\t\t\t\t<\/div>\r\n\t\t\t\t<\/div>\r\n\r\n\t\t\t\t\t\t<div style=\"clear: both;\"><\/div><\/div><div class=\"slideshow_view\">\r\n\t\t\t\t<div class=\"slideshow_slide slideshow_slide_image\">\r\n\t\t\t\t\t\t\t\t\t\t\t<img src=\"https:\/\/landgasthof-kaiser.de\/wp-content\/uploads\/2015\/08\/Zimmer_komfort_7.jpg\" alt=\"Zimmer_komfort_7\" width=\"1280\" height=\"853\" \/>\r\n\t\t\t\t\t\t\t\t\t\t<div class=\"slideshow_description_box slideshow_transparent\">\r\n\t\t\t\t\t\t<div class=\"slideshow_title\">Zimmer_komfort_7<\/div>\t\t\t\t\t\t\t\t\t\t\t<\/div>\r\n\t\t\t\t<\/div>\r\n\r\n\t\t\t\t\t\t<div style=\"clear: both;\"><\/div><\/div><div class=\"slideshow_view\">\r\n\t\t\t\t<div class=\"slideshow_slide slideshow_slide_image\">\r\n\t\t\t\t\t\t\t\t\t\t\t<img src=\"https:\/\/landgasthof-kaiser.de\/wp-content\/uploads\/2015\/08\/Zimmer_plus_2.jpg\" alt=\"Zimmer_plus_2\" width=\"1280\" height=\"853\" \/>\r\n\t\t\t\t\t\t\t\t\t\t<div class=\"slideshow_description_box slideshow_transparent\">\r\n\t\t\t\t\t\t<div class=\"slideshow_title\">Zimmer_plus_2<\/div>\t\t\t\t\t\t\t\t\t\t\t<\/div>\r\n\t\t\t\t<\/div>\r\n\r\n\t\t\t\t\t\t<div style=\"clear: both;\"><\/div><\/div><div class=\"slideshow_view\">\r\n\t\t\t\t<div class=\"slideshow_slide slideshow_slide_image\">\r\n\t\t\t\t\t\t\t\t\t\t\t<img src=\"https:\/\/landgasthof-kaiser.de\/wp-content\/uploads\/2015\/08\/Zimmer_komfort_4.jpg\" alt=\"Zimmer_komfort_4\" width=\"1280\" height=\"853\" \/>\r\n\t\t\t\t\t\t\t\t\t\t<div class=\"slideshow_description_box slideshow_transparent\">\r\n\t\t\t\t\t\t<div class=\"slideshow_title\">Zimmer_komfort_4<\/div>\t\t\t\t\t\t\t\t\t\t\t<\/div>\r\n\t\t\t\t<\/div>\r\n\r\n\t\t\t\t\t\t<div style=\"clear: both;\"><\/div><\/div><div class=\"slideshow_view\">\r\n\t\t\t\t<div class=\"slideshow_slide slideshow_slide_image\">\r\n\t\t\t\t\t\t\t\t\t\t\t<img src=\"https:\/\/landgasthof-kaiser.de\/wp-content\/uploads\/2015\/08\/Zimmer_komfort_3.jpg\" alt=\"Zimmer_komfort_3\" width=\"1280\" height=\"853\" \/>\r\n\t\t\t\t\t\t\t\t\t\t<div class=\"slideshow_description_box slideshow_transparent\">\r\n\t\t\t\t\t\t<div class=\"slideshow_title\">Zimmer_komfort_3<\/div>\t\t\t\t\t\t\t\t\t\t\t<\/div>\r\n\t\t\t\t<\/div>\r\n\r\n\t\t\t\t\t\t<div style=\"clear: both;\"><\/div><\/div><div class=\"slideshow_view\">\r\n\t\t\t\t<div class=\"slideshow_slide slideshow_slide_image\">\r\n\t\t\t\t\t\t\t\t\t\t\t<img src=\"https:\/\/landgasthof-kaiser.de\/wp-content\/uploads\/2015\/08\/Zimmer_plus_3.jpg\" alt=\"Zimmer_plus_3\" width=\"1280\" height=\"853\" \/>\r\n\t\t\t\t\t\t\t\t\t\t<div class=\"slideshow_description_box slideshow_transparent\">\r\n\t\t\t\t\t\t<div class=\"slideshow_title\">Zimmer_plus_3<\/div>\t\t\t\t\t\t\t\t\t\t\t<\/div>\r\n\t\t\t\t<\/div>\r\n\r\n\t\t\t\t\t\t<div style=\"clear: both;\"><\/div><\/div>\r\n\t\t<\/div>\r\n\r\n\t\t<div class=\"slideshow_controlPanel slideshow_transparent\" style=\"display: none;\"><ul><li class=\"slideshow_togglePlay\" data-play-text=\"Abspielen\" data-pause-text=\"Pause\"><\/li><\/ul><\/div>\r\n\r\n\t\t<div class=\"slideshow_button slideshow_previous slideshow_transparent\" role=\"button\" data-previous-text=\"Zur\u00fcck\" style=\"display: none;\"><\/div>\r\n\t\t<div class=\"slideshow_button slideshow_next slideshow_transparent\" role=\"button\" data-next-text=\"N\u00e4chstes\" style=\"display: none;\"><\/div>\r\n\r\n\t\t<div class=\"slideshow_pagination\" style=\"display: none;\" data-go-to-text=\"Gehe zum Bild\"><div class=\"slideshow_pagination_center\"><\/div><\/div>\r\n\r\n\t\t<!-- WordPress Slideshow Version 2.3.1 -->\r\n\r\n\t\t\t<\/div>\r\n\r\n\n<p>Die G\u00e4stezimmer stehen Ihnen am Anreisetag ab 17.00 Uhr oder nach Absprache zur Verf\u00fcgung. Am Abreisetag bitten wir Sie die Zimmer bis 10.30 Uhr freizugeben. Kinder unter 4 Jahren im Zimmer Ihrer Eltern sind frei &#8211; inklusive Zustellbett.<br \/>\nAuch Babybetten sind vorhanden.<\/p>\n<p>Wochenend-, Firmen- und Gruppenpreise auf Anfrage.<\/p>\n","protected":false},"excerpt":{"rendered":"<p>Zimmerpreise: Einzelzimmer:\u00a0 \u00a0 \u00a0ab 76,00\u20ac \u00dc\/F Doppelzimmer:\u00a0 \u00a0ab 116,00\u20ac \u00dc\/F Dreibettzimmer: \u00a0ab 152,00\u20ac \u00dc\/F (Alle Preise inkl. gesetzlicher MwSt.) Unsere modern eingerichteten G\u00e4stezimmer sind mit Dusche, WC, Telefon und Flatscreenfernseher ausgestattet. Ein kostenloser Internetzugang per WLAN besteht bei uns im gesamten Geb\u00e4ude. Au\u00dferdem k\u00f6nnen Sie sich im Restaurantbereich eine Mahlzeit g\u00f6nnen. Die G\u00e4stezimmer stehen Ihnen [&hellip;]<\/p>\n","protected":false},"author":1,"featured_media":0,"parent":0,"menu_order":0,"comment_status":"closed","ping_status":"closed","template":"","meta":{"jetpack_post_was_ever_published":false,"footnotes":""},"class_list":["post-39","page","type-page","status-publish","hentry"],"jetpack_sharing_enabled":true,"jetpack_shortlink":"https:\/\/wp.me\/P5mXGz-D","_links":{"self":[{"href":"https:\/\/landgasthof-kaiser.de\/index.php?rest_route=\/wp\/v2\/pages\/39","targetHints":{"allow":["GET"]}}],"collection":[{"href":"https:\/\/landgasthof-kaiser.de\/index.php?rest_route=\/wp\/v2\/pages"}],"about":[{"href":"https:\/\/landgasthof-kaiser.de\/index.php?rest_route=\/wp\/v2\/types\/page"}],"author":[{"embeddable":true,"href":"https:\/\/landgasthof-kaiser.de\/index.php?rest_route=\/wp\/v2\/users\/1"}],"replies":[{"embeddable":true,"href":"https:\/\/landgasthof-kaiser.de\/index.php?rest_route=%2Fwp%2Fv2%2Fcomments&post=39"}],"version-history":[{"count":31,"href":"https:\/\/landgasthof-kaiser.de\/index.php?rest_route=\/wp\/v2\/pages\/39\/revisions"}],"predecessor-version":[{"id":2810,"href":"https:\/\/landgasthof-kaiser.de\/index.php?rest_route=\/wp\/v2\/pages\/39\/revisions\/2810"}],"wp:attachment":[{"href":"https:\/\/landgasthof-kaiser.de\/index.php?rest_route=%2Fwp%2Fv2%2Fmedia&parent=39"}],"curies":[{"name":"wp","href":"https:\/\/api.w.org\/{rel}","templated":true}]}}