{"id":2867,"date":"2026-03-15T17:57:24","date_gmt":"2026-03-15T16:57:24","guid":{"rendered":"https:\/\/landgasthof-kaiser.de\/?page_id=2867"},"modified":"2026-03-15T18:09:05","modified_gmt":"2026-03-15T17:09:05","slug":"osterbuefett-2026","status":"publish","type":"page","link":"https:\/\/landgasthof-kaiser.de\/?page_id=2867","title":{"rendered":"Osterb\u00fcfett 2026"},"content":{"rendered":"\n<p class=\"has-text-align-center\"><strong>Osterb\u00fcfett 2026<\/strong><\/p>\n\n\n\n<p class=\"has-text-align-center\"><em>Rinderkraftbr\u00fche<\/em><\/p>\n\n\n\n<p class=\"has-text-align-center\">***<\/p>\n\n\n\n<p class=\"has-text-align-center\"><em>Salatauswahl<\/em><\/p>\n\n\n\n<p class=\"has-text-align-center\">***<\/p>\n\n\n\n<p class=\"has-text-align-center\"><strong>B\u00fcfett 1<\/strong><br><em>Sauerbraten in deftiger So\u00dfe<br>Lachs mit Dill So\u00dfe<br>Kn\u00f6del<br>R\u00f6sti<br>Rotkohl<br>Blumenkohl<\/em><\/p>\n\n\n\n<p class=\"has-text-align-center\">***<\/p>\n\n\n\n<p class=\"has-text-align-center\"><strong>B\u00fcfett 2<\/strong><br><em>Schweinefilet Els\u00e4sser Art<br>H\u00e4hnchenroulade gef\u00fcllt mit Broccoli<br>Kartoffelgratin<br>Schupfnudeln<br>Zuckerschoten<br>M\u00f6hrengem\u00fcse<\/em><\/p>\n\n\n\n<p class=\"has-text-align-center\">***<\/p>\n\n\n\n<p class=\"has-text-align-center\"><strong>Dessert<\/strong><br><em>Damencreme, Solerocreme<br>Erdbeercreme<\/em><\/p>\n\n\n\n<p><\/p>\n\n\n\n<p class=\"has-text-align-center\"><strong><strong>B\u00fcfett <\/strong>Ostersonntag \/ Ostermontag 34,00 \u20ac p.P. <\/strong><br><strong>nur mit Voranmeldung 02953 407<\/strong><\/p>\n\n\n\n<p><\/p>\n","protected":false},"excerpt":{"rendered":"<p>Osterb\u00fcfett 2026 Rinderkraftbr\u00fche *** Salatauswahl *** B\u00fcfett 1Sauerbraten in deftiger So\u00dfeLachs mit Dill So\u00dfeKn\u00f6delR\u00f6stiRotkohlBlumenkohl *** B\u00fcfett 2Schweinefilet Els\u00e4sser ArtH\u00e4hnchenroulade gef\u00fcllt mit BroccoliKartoffelgratinSchupfnudelnZuckerschotenM\u00f6hrengem\u00fcse *** DessertDamencreme, SolerocremeErdbeercreme B\u00fcfett Ostersonntag \/ Ostermontag 34,00 \u20ac p.P. nur mit Voranmeldung 02953 407<\/p>\n","protected":false},"author":1,"featured_media":0,"parent":0,"menu_order":0,"comment_status":"closed","ping_status":"closed","template":"","meta":{"jetpack_post_was_ever_published":false,"footnotes":""},"class_list":["post-2867","page","type-page","status-publish","hentry"],"jetpack_sharing_enabled":true,"jetpack_shortlink":"https:\/\/wp.me\/P5mXGz-Kf","_links":{"self":[{"href":"https:\/\/landgasthof-kaiser.de\/index.php?rest_route=\/wp\/v2\/pages\/2867","targetHints":{"allow":["GET"]}}],"collection":[{"href":"https:\/\/landgasthof-kaiser.de\/index.php?rest_route=\/wp\/v2\/pages"}],"about":[{"href":"https:\/\/landgasthof-kaiser.de\/index.php?rest_route=\/wp\/v2\/types\/page"}],"author":[{"embeddable":true,"href":"https:\/\/landgasthof-kaiser.de\/index.php?rest_route=\/wp\/v2\/users\/1"}],"replies":[{"embeddable":true,"href":"https:\/\/landgasthof-kaiser.de\/index.php?rest_route=%2Fwp%2Fv2%2Fcomments&post=2867"}],"version-history":[{"count":6,"href":"https:\/\/landgasthof-kaiser.de\/index.php?rest_route=\/wp\/v2\/pages\/2867\/revisions"}],"predecessor-version":[{"id":2883,"href":"https:\/\/landgasthof-kaiser.de\/index.php?rest_route=\/wp\/v2\/pages\/2867\/revisions\/2883"}],"wp:attachment":[{"href":"https:\/\/landgasthof-kaiser.de\/index.php?rest_route=%2Fwp%2Fv2%2Fmedia&parent=2867"}],"curies":[{"name":"wp","href":"https:\/\/api.w.org\/{rel}","templated":true}]}}