{"id":215,"date":"2014-11-27T20:04:06","date_gmt":"2014-11-27T19:04:06","guid":{"rendered":"http:\/\/wp.landgasthof-kaiser.de\/?page_id=215"},"modified":"2021-06-27T13:24:55","modified_gmt":"2021-06-27T12:24:55","slug":"rindfleisch-aus-der-pfanne","status":"publish","type":"page","link":"https:\/\/landgasthof-kaiser.de\/?page_id=215","title":{"rendered":"Speisekarte"},"content":{"rendered":"<h1 style=\"text-align: center;\"><em>Rindfleisch<br \/>\n<\/em><em>aus der Region<\/em><\/h1>\n<p style=\"text-align: center;\"><em>\u00a0***<\/em><\/p>\n<p style=\"text-align: center;\"><em><strong>Steak aus dem Roastbeef<br \/>\n<\/strong>200g\/300g<strong><br \/>\n<\/strong>mit Kr\u00e4uterbutter<\/em><\/p>\n<p style=\"text-align: center;\"><em>***<\/em><\/p>\n<p style=\"text-align: center;\"><em><strong>Pfeffersteak<br \/>\n<\/strong>200g\/300g<\/em><br \/>\n<em>aus dem Roastbeef<\/em><\/p>\n<p style=\"text-align: center;\"><em>***<\/em><\/p>\n<p style=\"text-align: center;\"><em><strong>Champignonsteak<br \/>\n<\/strong>200g\/300g<\/em><br \/>\n<em>aus dem Roastbeef<\/em><\/p>\n<p style=\"text-align: center;\"><em>***<\/em><\/p>\n<p style=\"text-align: center;\"><em><strong>Steakpfanne<\/strong><strong><br \/>\n<\/strong>200g\/300g<br \/>\n<\/em><em>Kr\u00e4uterbutter<\/em><br \/>\n<em>(Rinderfilet, Roastbeef<\/em><br \/>\n<em> Schweiner\u00fcckensteak)<br \/>\nKr\u00e4uterbutter<\/em><\/p>\n<p style=\"text-align: center;\"><em>***<\/em><\/p>\n<p style=\"text-align: center;\"><em><strong>Filetsteak<\/strong><strong><br \/>\n<\/strong>200g\/300g<br \/>\nKr\u00e4uterbutter<br \/>\n<\/em><em>Champignons oder Pfefferso\u00dfe<\/em><\/p>\n<p style=\"text-align: center;\"><em>***<\/em><\/p>\n<p style=\"text-align: center;\"><em>Alle Steaks werden mit<\/em><br \/>\n<em> Gem\u00fcse und Bratkartoffeln serviert.<\/em><\/p>\n","protected":false},"excerpt":{"rendered":"<p>Rindfleisch aus der Region \u00a0*** Steak aus dem Roastbeef 200g\/300g mit Kr\u00e4uterbutter *** Pfeffersteak 200g\/300g aus dem Roastbeef *** Champignonsteak 200g\/300g aus dem Roastbeef *** Steakpfanne 200g\/300g Kr\u00e4uterbutter (Rinderfilet, Roastbeef Schweiner\u00fcckensteak) Kr\u00e4uterbutter *** Filetsteak 200g\/300g Kr\u00e4uterbutter Champignons oder Pfefferso\u00dfe *** Alle Steaks werden mit Gem\u00fcse und Bratkartoffeln serviert.<\/p>\n","protected":false},"author":1,"featured_media":0,"parent":0,"menu_order":0,"comment_status":"closed","ping_status":"closed","template":"","meta":{"jetpack_post_was_ever_published":false,"footnotes":""},"class_list":["post-215","page","type-page","status-publish","hentry"],"jetpack_sharing_enabled":true,"jetpack_shortlink":"https:\/\/wp.me\/P5mXGz-3t","_links":{"self":[{"href":"https:\/\/landgasthof-kaiser.de\/index.php?rest_route=\/wp\/v2\/pages\/215","targetHints":{"allow":["GET"]}}],"collection":[{"href":"https:\/\/landgasthof-kaiser.de\/index.php?rest_route=\/wp\/v2\/pages"}],"about":[{"href":"https:\/\/landgasthof-kaiser.de\/index.php?rest_route=\/wp\/v2\/types\/page"}],"author":[{"embeddable":true,"href":"https:\/\/landgasthof-kaiser.de\/index.php?rest_route=\/wp\/v2\/users\/1"}],"replies":[{"embeddable":true,"href":"https:\/\/landgasthof-kaiser.de\/index.php?rest_route=%2Fwp%2Fv2%2Fcomments&post=215"}],"version-history":[{"count":12,"href":"https:\/\/landgasthof-kaiser.de\/index.php?rest_route=\/wp\/v2\/pages\/215\/revisions"}],"predecessor-version":[{"id":1499,"href":"https:\/\/landgasthof-kaiser.de\/index.php?rest_route=\/wp\/v2\/pages\/215\/revisions\/1499"}],"wp:attachment":[{"href":"https:\/\/landgasthof-kaiser.de\/index.php?rest_route=%2Fwp%2Fv2%2Fmedia&parent=215"}],"curies":[{"name":"wp","href":"https:\/\/api.w.org\/{rel}","templated":true}]}}