{"id":210,"date":"2014-11-27T20:02:00","date_gmt":"2014-11-27T19:02:00","guid":{"rendered":"http:\/\/wp.landgasthof-kaiser.de\/?page_id=210"},"modified":"2021-06-27T13:07:57","modified_gmt":"2021-06-27T12:07:57","slug":"suppen-vorspeisen","status":"publish","type":"page","link":"https:\/\/landgasthof-kaiser.de\/?page_id=210","title":{"rendered":"Speisekarte"},"content":{"rendered":"<h1 style=\"text-align: center;\"><em>Suppen &amp; Vorspeisen<\/em><\/h1>\n<p style=\"text-align: center;\"><em>***<\/em><\/p>\n<p style=\"text-align: center;\"><em><strong>Rinderkraftbr\u00fche<\/strong><br \/>\n<\/em><\/p>\n<p style=\"text-align: center;\"><em>***<\/em><\/p>\n<p style=\"text-align: center;\"><em><strong>Tomatensuppe<\/strong><\/em><br \/>\n<em>(vegan)<\/em><\/p>\n<p style=\"text-align: center;\"><em>***<\/em><\/p>\n<p style=\"text-align: center;\"><em><strong>Zwiebelsuppe<\/strong><\/em><br \/>\n<em>K\u00e4se \u00fcberbacken<\/em><\/p>\n<p style=\"text-align: center;\"><em>***<\/em><\/p>\n<p style=\"text-align: center;\"><em><strong>Baguette<\/strong><\/em><br \/>\n<em>mit Kr\u00e4uterdipp<\/em><\/p>\n<p style=\"text-align: center;\"><em>***<\/em><\/p>\n<p style=\"text-align: center;\"><em><strong>frische Champignons<\/strong><\/em><br \/>\n<em>mit Dipp und Baguette<br \/>\n(vegetarisch)<\/em><\/p>\n<p style=\"text-align: center;\"><em>***<\/em><\/p>\n<p style=\"text-align: center;\"><em><strong>Garnelen<\/strong><\/em><br \/>\n<em> im Kartoffelnest, mit Knoblauchso\u00dfe und Baguette<\/em><\/p>\n","protected":false},"excerpt":{"rendered":"<p>Suppen &amp; Vorspeisen *** Rinderkraftbr\u00fche *** Tomatensuppe (vegan) *** Zwiebelsuppe K\u00e4se \u00fcberbacken *** Baguette mit Kr\u00e4uterdipp *** frische Champignons mit Dipp und Baguette (vegetarisch) *** Garnelen im Kartoffelnest, mit Knoblauchso\u00dfe und Baguette<\/p>\n","protected":false},"author":1,"featured_media":0,"parent":0,"menu_order":0,"comment_status":"closed","ping_status":"closed","template":"","meta":{"jetpack_post_was_ever_published":false,"footnotes":""},"class_list":["post-210","page","type-page","status-publish","hentry"],"jetpack_sharing_enabled":true,"jetpack_shortlink":"https:\/\/wp.me\/P5mXGz-3o","_links":{"self":[{"href":"https:\/\/landgasthof-kaiser.de\/index.php?rest_route=\/wp\/v2\/pages\/210","targetHints":{"allow":["GET"]}}],"collection":[{"href":"https:\/\/landgasthof-kaiser.de\/index.php?rest_route=\/wp\/v2\/pages"}],"about":[{"href":"https:\/\/landgasthof-kaiser.de\/index.php?rest_route=\/wp\/v2\/types\/page"}],"author":[{"embeddable":true,"href":"https:\/\/landgasthof-kaiser.de\/index.php?rest_route=\/wp\/v2\/users\/1"}],"replies":[{"embeddable":true,"href":"https:\/\/landgasthof-kaiser.de\/index.php?rest_route=%2Fwp%2Fv2%2Fcomments&post=210"}],"version-history":[{"count":9,"href":"https:\/\/landgasthof-kaiser.de\/index.php?rest_route=\/wp\/v2\/pages\/210\/revisions"}],"predecessor-version":[{"id":1493,"href":"https:\/\/landgasthof-kaiser.de\/index.php?rest_route=\/wp\/v2\/pages\/210\/revisions\/1493"}],"wp:attachment":[{"href":"https:\/\/landgasthof-kaiser.de\/index.php?rest_route=%2Fwp%2Fv2%2Fmedia&parent=210"}],"curies":[{"name":"wp","href":"https:\/\/api.w.org\/{rel}","templated":true}]}}