{"id":208,"date":"2014-11-27T20:00:34","date_gmt":"2014-11-27T19:00:34","guid":{"rendered":"http:\/\/wp.landgasthof-kaiser.de\/?page_id=208"},"modified":"2021-06-27T13:18:54","modified_gmt":"2021-06-27T12:18:54","slug":"altbewaehrtes","status":"publish","type":"page","link":"https:\/\/landgasthof-kaiser.de\/?page_id=208","title":{"rendered":"Speisekarte"},"content":{"rendered":"<h1 style=\"text-align: center;\"><em>Altbew\u00e4hrtes<\/em><\/h1>\n<p style=\"text-align: center;\"><em>***<\/em><\/p>\n<p style=\"text-align: center;\"><em><strong>Keglertoast<\/strong><\/em><br \/><em>Schweinefilet mit Rahmpilzso\u00dfe<\/em><br \/><em>K\u00e4se \u00fcberbacken mit Salat<\/em><\/p>\n<p style=\"text-align: center;\"><em>***<\/em><\/p>\n<p style=\"text-align: center;\"><em><strong>H\u00e4hnchenknusperschnitzel<\/strong><\/em><br \/><em>Curryfruchtso\u00dfe<\/em><br \/><em>mit Kroketten und Salat<\/em><\/p>\n<p style=\"text-align: center;\"><em>***<\/em><\/p>\n<p style=\"text-align: center;\"><em><strong>Broccolischnitzel<\/strong><\/em><br \/><em> Sauce Bernaise,<\/em><br \/><em>K\u00e4se \u00fcberbacken<\/em><br \/><em>mit Kroketten<\/em><\/p>\n<p style=\"text-align: center;\"><em>***<\/em><\/p>\n<p style=\"text-align: center;\"><em><strong>Pilzschnitzel<\/strong><\/em><br \/><em> mit Kroketten und Salat<\/em><\/p>\n<p style=\"text-align: center;\"><em>***<\/em><\/p>\n<p style=\"text-align: center;\"><em><strong>\u201eHolzf\u00e4llersteak\u201c<\/strong><\/em><br \/><em> mit Champignons, <\/em><br \/><em> Bohnen und<\/em><br \/><em>Bratkartoffeln<\/em><\/p>\n<p style=\"text-align: center;\"><em>***<\/em><\/p>\n<p style=\"text-align: center;\"><em><strong>Schweinelendchen<\/strong><\/em><br \/><em> mit Sauce Bernaise<\/em><br \/><em> Salat und R\u00f6sti<\/em><\/p>\n<p style=\"text-align: center;\"><em>***<\/em><\/p>\n<p style=\"text-align: center;\"><em><b>Lachssteak<\/b><\/em><br \/><em>mit\u00a0Kartoffel- Wedges<\/em><br \/><em>und\u00a0Salat<\/em><\/p>\n<p style=\"text-align: center;\"><em>***<\/em><\/p>\n<p style=\"text-align: center;\"><em>M\u00f6chten Sie andere Schnitzelvariationen?\u00a0 Kein Problem.<\/em><\/p>\n\n\n<p><\/p>\n","protected":false},"excerpt":{"rendered":"<p>Altbew\u00e4hrtes *** KeglertoastSchweinefilet mit Rahmpilzso\u00dfeK\u00e4se \u00fcberbacken mit Salat *** H\u00e4hnchenknusperschnitzelCurryfruchtso\u00dfemit Kroketten und Salat *** Broccolischnitzel Sauce Bernaise,K\u00e4se \u00fcberbackenmit Kroketten *** Pilzschnitzel mit Kroketten und Salat *** \u201eHolzf\u00e4llersteak\u201c mit Champignons, Bohnen undBratkartoffeln *** Schweinelendchen mit Sauce Bernaise Salat und R\u00f6sti *** Lachssteakmit\u00a0Kartoffel- Wedgesund\u00a0Salat *** M\u00f6chten Sie andere Schnitzelvariationen?\u00a0 Kein Problem.<\/p>\n","protected":false},"author":1,"featured_media":0,"parent":0,"menu_order":0,"comment_status":"closed","ping_status":"closed","template":"","meta":{"jetpack_post_was_ever_published":false,"footnotes":""},"class_list":["post-208","page","type-page","status-publish","hentry"],"jetpack_sharing_enabled":true,"jetpack_shortlink":"https:\/\/wp.me\/P5mXGz-3m","_links":{"self":[{"href":"https:\/\/landgasthof-kaiser.de\/index.php?rest_route=\/wp\/v2\/pages\/208","targetHints":{"allow":["GET"]}}],"collection":[{"href":"https:\/\/landgasthof-kaiser.de\/index.php?rest_route=\/wp\/v2\/pages"}],"about":[{"href":"https:\/\/landgasthof-kaiser.de\/index.php?rest_route=\/wp\/v2\/types\/page"}],"author":[{"embeddable":true,"href":"https:\/\/landgasthof-kaiser.de\/index.php?rest_route=\/wp\/v2\/users\/1"}],"replies":[{"embeddable":true,"href":"https:\/\/landgasthof-kaiser.de\/index.php?rest_route=%2Fwp%2Fv2%2Fcomments&post=208"}],"version-history":[{"count":11,"href":"https:\/\/landgasthof-kaiser.de\/index.php?rest_route=\/wp\/v2\/pages\/208\/revisions"}],"predecessor-version":[{"id":1497,"href":"https:\/\/landgasthof-kaiser.de\/index.php?rest_route=\/wp\/v2\/pages\/208\/revisions\/1497"}],"wp:attachment":[{"href":"https:\/\/landgasthof-kaiser.de\/index.php?rest_route=%2Fwp%2Fv2%2Fmedia&parent=208"}],"curies":[{"name":"wp","href":"https:\/\/api.w.org\/{rel}","templated":true}]}}